{"id":2212,"date":"2025-05-12T12:55:29","date_gmt":"2025-05-12T12:55:29","guid":{"rendered":"https:\/\/discoveryourtalent.eu\/?page_id=2212"},"modified":"2025-09-25T13:22:30","modified_gmt":"2025-09-25T13:22:30","slug":"handbook-and-training","status":"publish","type":"page","link":"https:\/\/discoveryourtalent.eu\/sv\/handbook-and-training\/","title":{"rendered":"Handbok &amp; utbildning"},"content":{"rendered":"<div class=\"wpb-content-wrapper\"><div data-parent=\"true\" class=\"vc_row has-bg need-focus style-accent-bg row-container\" id=\"row-unique-0\"><div class=\"row limit-width row-parent\"><div class=\"wpb_row row-inner\"><div class=\"wpb_column pos-middle pos-center align_left column_parent col-lg-12 single-internal-gutter\"><div class=\"uncol style-spec style-dark\"  ><div class=\"uncoltable\"><div class=\"uncell no-block-padding\" ><div class=\"uncont\" ><div class=\"vc_custom_heading_wrap\"><div class=\"heading-text el-text\" ><h2 class=\"h2 text-color-white-color\" ><span>Handbok och utbildning<\/span><\/h2><\/div><div class=\"clear\"><\/div><\/div><\/div><\/div><\/div><\/div><\/div><script id=\"script-row-unique-0\" data-row=\"script-row-unique-0\" type=\"text\/javascript\" class=\"vc_controls\">UNCODE.initRow(document.getElementById(\"row-unique-0\"));<\/script><\/div><\/div><\/div><div data-parent=\"true\" class=\"vc_row row-container\" id=\"row-unique-1\"><div class=\"row single-top-padding no-bottom-padding single-h-padding limit-width row-parent\"><div class=\"wpb_row row-inner\"><div class=\"wpb_column pos-top pos-center align_left column_parent col-lg-2 single-internal-gutter\"><div class=\"uncol style-light\"  ><div class=\"uncoltable\"><div class=\"uncell no-block-padding\" ><div class=\"uncont\" ><\/div><\/div><\/div><\/div><\/div><div class=\"wpb_column pos-top pos-center align_center column_parent col-lg-8 single-internal-gutter\"><div class=\"uncol style-light\"  ><div class=\"uncoltable\"><div class=\"uncell double-block-padding\" ><div class=\"uncont\" ><div class=\"vc_custom_heading_wrap\"><div class=\"heading-text el-text\" ><h1 class=\"h1 text-color-orange-color\" ><span>Handbok<\/span><\/h1><\/div><div class=\"clear\"><\/div><\/div><div class=\"vc_custom_heading_wrap\"><div class=\"heading-text el-text\" ><h3 class=\"h3 text-color-black-color\" ><span>En inspirerande guide f\u00f6r att st\u00e4rka kopplingen mellan skola och arbetsliv.<\/span><\/h3><\/div><div class=\"clear\"><\/div><\/div><\/div><\/div><\/div><\/div><\/div><div class=\"wpb_column pos-top pos-center align_left column_parent col-lg-2 single-internal-gutter\"><div class=\"uncol style-light\"  ><div class=\"uncoltable\"><div class=\"uncell no-block-padding\" ><div class=\"uncont\" ><\/div><\/div><\/div><\/div><\/div><script id=\"script-row-unique-1\" data-row=\"script-row-unique-1\" type=\"text\/javascript\" class=\"vc_controls\">UNCODE.initRow(document.getElementById(\"row-unique-1\"));<\/script><\/div><\/div><\/div><div data-parent=\"true\" class=\"vc_row row-container\" id=\"row-unique-2\"><div class=\"row no-top-padding no-bottom-padding single-h-padding limit-width row-parent\"><div class=\"wpb_row row-inner\"><div class=\"wpb_column pos-top pos-center align_center column_parent col-lg-3 half-internal-gutter\"><div class=\"uncol style-light\"  ><div class=\"uncoltable\"><div class=\"uncell single-block-padding style-color-grey-light-bg has-bg\" ><div class=\"uncont\" ><div class=\"icon-box icon-box-left\" ><div class=\"icon-box-icon fa-container\" style=\"width:200px;margin-bottom: 0px;\"><span class=\"text-default-color btn-disable-hover\"><span id=\"icon-323582\" style=\"width:48px\" class=\"icon-media\"><img decoding=\"async\" src=\"https:\/\/discoveryourtalent.eu\/wp-content\/uploads\/2025\/05\/great-britain-circular.svg\" alt=\"\" \/><\/span><\/span><\/div><\/div><div class=\"uncode-single-media  text-left\"><div class=\"single-wrapper\" style=\"max-width: 100%;\"><div class=\"tmb tmb-light  tmb-media-first tmb-media-last tmb-content-overlay tmb-no-bg\"><div class=\"t-inside\"><div class=\"t-entry-visual\"><div class=\"t-entry-visual-tc\"><div class=\"uncode-single-media-wrapper\"><img decoding=\"async\" class=\"wp-image-2468\" src=\"https:\/\/discoveryourtalent.eu\/wp-content\/uploads\/2025\/09\/Reality-Check-Handbook-EN.jpg\" width=\"595\" height=\"842\" alt=\"\" srcset=\"https:\/\/discoveryourtalent.eu\/wp-content\/uploads\/2025\/09\/Reality-Check-Handbook-EN.jpg 595w, https:\/\/discoveryourtalent.eu\/wp-content\/uploads\/2025\/09\/Reality-Check-Handbook-EN-8x12.jpg 8w, https:\/\/discoveryourtalent.eu\/wp-content\/uploads\/2025\/09\/Reality-Check-Handbook-EN-350x495.jpg 350w\" sizes=\"(max-width: 595px) 100vw, 595px\" \/><\/div>\n\t\t\t\t\t<\/div>\n\t\t\t\t<\/div><\/div><\/div><\/div><\/div><div class=\"empty-space empty-half\" ><span class=\"empty-space-inner\"><\/span><\/div>\n<span class=\"btn-container btn-block\" ><a role=\"button\"  href=\"https:\/\/discoveryourtalent.eu\/sv\/handbook-en\/\" class=\"custom-link btn btn-sm border-width-0 btn-default btn-outline btn-block btn-icon-left\" title=\"Handbok\">L\u00e4s p\u00e5 n\u00e4tet<\/a><\/span><span class=\"btn-container btn-block\" ><a role=\"button\"  href=\"https:\/\/discoveryourtalent.eu\/wp-content\/uploads\/2025\/09\/Reality-Check-Handbook-EN.pdf\" class=\"custom-link btn btn-sm border-width-0 btn-default btn-outline btn-block btn-icon-left\" title=\"Handbok\" target=\"_blank\">Ladda ner PDF<\/a><\/span><\/div><\/div><\/div><\/div><\/div><div class=\"wpb_column pos-top pos-center align_center column_parent col-lg-3 half-internal-gutter\"><div class=\"uncol style-light\"  ><div class=\"uncoltable\"><div class=\"uncell single-block-padding style-color-grey-light-bg has-bg\" ><div class=\"uncont\" ><div class=\"vc_row row-internal row-container\"><div class=\"row row-child\"><div class=\"wpb_row row-inner\"><div class=\"wpb_column pos-top pos-center align_left column_child col-lg-6 single-internal-gutter\"><div class=\"uncol style-light\" ><div class=\"uncoltable\"><div class=\"uncell no-block-padding\" ><div class=\"uncont\" ><div class=\"icon-box icon-box-right  icon-inline\" ><div class=\"icon-box-icon fa-container\" style=\"width:120px;margin-bottom: 0px;\"><span class=\"text-default-color btn-disable-hover\"><span id=\"icon-167330\" style=\"width:48px\" class=\"icon-media\"><img decoding=\"async\" src=\"https:\/\/discoveryourtalent.eu\/wp-content\/uploads\/2025\/05\/germany-circular.svg\" alt=\"\" \/><\/span><\/span><\/div><\/div><\/div><\/div><\/div><\/div><\/div><div class=\"wpb_column pos-top pos-center align_left column_child col-lg-6 single-internal-gutter\"><div class=\"uncol style-light\" ><div class=\"uncoltable\"><div class=\"uncell no-block-padding\" ><div class=\"uncont\" ><div class=\"icon-box icon-box-left  icon-inline\" ><div class=\"icon-box-icon fa-container\" style=\"width:120px;margin-bottom: 0px;\"><span class=\"text-default-color btn-disable-hover\"><span id=\"icon-920425\" style=\"width:48px\" class=\"icon-media\"><img decoding=\"async\" src=\"https:\/\/discoveryourtalent.eu\/wp-content\/uploads\/2025\/05\/austria-circular.svg\" alt=\"\" \/><\/span><\/span><\/div><\/div><\/div><\/div><\/div><\/div><\/div><\/div><\/div><\/div><div class=\"uncode-single-media  text-left\"><div class=\"single-wrapper\" style=\"max-width: 100%;\"><div class=\"tmb tmb-light  tmb-media-first tmb-media-last tmb-content-overlay tmb-no-bg\"><div class=\"t-inside\"><div class=\"t-entry-visual\"><div class=\"t-entry-visual-tc\"><div class=\"uncode-single-media-wrapper\"><img decoding=\"async\" class=\"wp-image-2466\" src=\"https:\/\/discoveryourtalent.eu\/wp-content\/uploads\/2025\/09\/Reality-Check-Handbook-DE.jpg\" width=\"595\" height=\"842\" alt=\"\" srcset=\"https:\/\/discoveryourtalent.eu\/wp-content\/uploads\/2025\/09\/Reality-Check-Handbook-DE.jpg 595w, https:\/\/discoveryourtalent.eu\/wp-content\/uploads\/2025\/09\/Reality-Check-Handbook-DE-8x12.jpg 8w, https:\/\/discoveryourtalent.eu\/wp-content\/uploads\/2025\/09\/Reality-Check-Handbook-DE-350x495.jpg 350w\" sizes=\"(max-width: 595px) 100vw, 595px\" \/><\/div>\n\t\t\t\t\t<\/div>\n\t\t\t\t<\/div><\/div><\/div><\/div><\/div><div class=\"empty-space empty-half\" ><span class=\"empty-space-inner\"><\/span><\/div>\n<span class=\"btn-container btn-block\" ><a role=\"button\"  href=\"https:\/\/discoveryourtalent.eu\/sv\/handbuch\/\" class=\"custom-link btn btn-sm border-width-0 btn-default btn-outline btn-block btn-icon-left\" title=\"Handbok\">L\u00e4s p\u00e5 n\u00e4tet<\/a><\/span><span class=\"btn-container btn-block\" ><a role=\"button\"  href=\"https:\/\/discoveryourtalent.eu\/wp-content\/uploads\/2025\/09\/Reality-Check-Handbook-DE.pdf\" class=\"custom-link btn btn-sm border-width-0 btn-default btn-outline btn-block btn-icon-left\" title=\"Handbok\" target=\"_blank\">Ladda ner PDF<\/a><\/span><\/div><\/div><\/div><\/div><\/div><div class=\"wpb_column pos-top pos-center align_center column_parent col-lg-3 half-internal-gutter\"><div class=\"uncol style-light\"  ><div class=\"uncoltable\"><div class=\"uncell single-block-padding style-color-grey-light-bg has-bg\" ><div class=\"uncont\" ><div class=\"icon-box icon-box-left\" ><div class=\"icon-box-icon fa-container\" style=\"width:120px;margin-bottom: 0px;\"><span class=\"text-default-color btn-disable-hover\"><span id=\"icon-109117\" style=\"width:48px\" class=\"icon-media\"><img decoding=\"async\" src=\"https:\/\/discoveryourtalent.eu\/wp-content\/uploads\/2025\/05\/italy-circular.svg\" alt=\"\" \/><\/span><\/span><\/div><\/div><div class=\"uncode-single-media  text-left\"><div class=\"single-wrapper\" style=\"max-width: 100%;\"><div class=\"tmb tmb-light  tmb-media-first tmb-media-last tmb-content-overlay tmb-no-bg\"><div class=\"t-inside\"><div class=\"t-entry-visual\"><div class=\"t-entry-visual-tc\"><div class=\"uncode-single-media-wrapper\"><img decoding=\"async\" class=\"wp-image-2470\" src=\"https:\/\/discoveryourtalent.eu\/wp-content\/uploads\/2025\/09\/Reality-Check-Handbook-IT.jpg\" width=\"595\" height=\"842\" alt=\"\" srcset=\"https:\/\/discoveryourtalent.eu\/wp-content\/uploads\/2025\/09\/Reality-Check-Handbook-IT.jpg 595w, https:\/\/discoveryourtalent.eu\/wp-content\/uploads\/2025\/09\/Reality-Check-Handbook-IT-8x12.jpg 8w, https:\/\/discoveryourtalent.eu\/wp-content\/uploads\/2025\/09\/Reality-Check-Handbook-IT-350x495.jpg 350w\" sizes=\"(max-width: 595px) 100vw, 595px\" \/><\/div>\n\t\t\t\t\t<\/div>\n\t\t\t\t<\/div><\/div><\/div><\/div><\/div><div class=\"empty-space empty-half\" ><span class=\"empty-space-inner\"><\/span><\/div>\n<span class=\"btn-container btn-block\" ><a role=\"button\"  href=\"https:\/\/discoveryourtalent.eu\/sv\/handbook-it\/\" class=\"custom-link btn btn-sm border-width-0 btn-default btn-outline btn-block btn-icon-left\" title=\"Handbok\">L\u00e4s p\u00e5 n\u00e4tet<\/a><\/span><span class=\"btn-container btn-block\" ><a role=\"button\"  href=\"https:\/\/discoveryourtalent.eu\/wp-content\/uploads\/2025\/09\/Reality-Check-Handbook-IT.pdf\" class=\"custom-link btn btn-sm border-width-0 btn-default btn-outline btn-block btn-icon-left\" title=\"Handbok\" target=\"_blank\">Ladda ner PDF<\/a><\/span><\/div><\/div><\/div><\/div><\/div><div class=\"wpb_column pos-top pos-center align_center column_parent col-lg-3 half-internal-gutter\"><div class=\"uncol style-light\"  ><div class=\"uncoltable\"><div class=\"uncell single-block-padding style-color-grey-light-bg has-bg\" ><div class=\"uncont\" ><div class=\"icon-box icon-box-left\" ><div class=\"icon-box-icon fa-container\" style=\"width:120px;margin-bottom: 0px;\"><span class=\"text-default-color btn-disable-hover\"><span id=\"icon-174053\" style=\"width:48px\" class=\"icon-media\"><img decoding=\"async\" src=\"https:\/\/discoveryourtalent.eu\/wp-content\/uploads\/2025\/05\/sweden-circular.svg\" alt=\"\" \/><\/span><\/span><\/div><\/div><div class=\"uncode-single-media  text-left\"><div class=\"single-wrapper\" style=\"max-width: 100%;\"><div class=\"tmb tmb-light  tmb-media-first tmb-media-last tmb-content-overlay tmb-no-bg\"><div class=\"t-inside\"><div class=\"t-entry-visual\"><div class=\"t-entry-visual-tc\"><div class=\"uncode-single-media-wrapper\"><img decoding=\"async\" class=\"wp-image-2472\" src=\"https:\/\/discoveryourtalent.eu\/wp-content\/uploads\/2025\/09\/Reality-Check-Handbook-SE.jpg\" width=\"595\" height=\"842\" alt=\"\" srcset=\"https:\/\/discoveryourtalent.eu\/wp-content\/uploads\/2025\/09\/Reality-Check-Handbook-SE.jpg 595w, https:\/\/discoveryourtalent.eu\/wp-content\/uploads\/2025\/09\/Reality-Check-Handbook-SE-8x12.jpg 8w, https:\/\/discoveryourtalent.eu\/wp-content\/uploads\/2025\/09\/Reality-Check-Handbook-SE-350x495.jpg 350w\" sizes=\"(max-width: 595px) 100vw, 595px\" \/><\/div>\n\t\t\t\t\t<\/div>\n\t\t\t\t<\/div><\/div><\/div><\/div><\/div><div class=\"empty-space empty-half\" ><span class=\"empty-space-inner\"><\/span><\/div>\n<span class=\"btn-container btn-block\" ><a role=\"button\"  href=\"https:\/\/discoveryourtalent.eu\/sv\/handbook-sv\/\" class=\"custom-link btn btn-sm border-width-0 btn-default btn-outline btn-block btn-icon-left\" title=\"Handbok\">L\u00e4s p\u00e5 n\u00e4tet<\/a><\/span><span class=\"btn-container btn-block\" ><a role=\"button\"  href=\"https:\/\/discoveryourtalent.eu\/wp-content\/uploads\/2025\/09\/Reality-Check-Handbook-SE.pdf\" class=\"custom-link btn btn-sm border-width-0 btn-default btn-outline btn-block btn-icon-left\" title=\"Handbok\" target=\"_blank\">Ladda ner PDF<\/a><\/span><\/div><\/div><\/div><\/div><\/div><script id=\"script-row-unique-2\" data-row=\"script-row-unique-2\" type=\"text\/javascript\" class=\"vc_controls\">UNCODE.initRow(document.getElementById(\"row-unique-2\"));<\/script><\/div><\/div><\/div><div data-parent=\"true\" class=\"vc_row row-container\" id=\"row-unique-3\"><div class=\"row single-top-padding no-bottom-padding single-h-padding limit-width row-parent\"><div class=\"wpb_row row-inner\"><div class=\"wpb_column pos-top pos-center align_left column_parent col-lg-2 single-internal-gutter\"><div class=\"uncol style-light\"  ><div class=\"uncoltable\"><div class=\"uncell no-block-padding\" ><div class=\"uncont\" ><\/div><\/div><\/div><\/div><\/div><div class=\"wpb_column pos-top pos-center align_center column_parent col-lg-8 single-internal-gutter\"><div class=\"uncol style-light\"  ><div class=\"uncoltable\"><div class=\"uncell double-block-padding\" ><div class=\"uncont\" ><div class=\"vc_custom_heading_wrap\"><div class=\"heading-text el-text\" ><h1 class=\"h1 text-color-orange-color\" ><span>Utbildning<\/span><\/h1><\/div><div class=\"clear\"><\/div><\/div><div class=\"vc_custom_heading_wrap\"><div class=\"heading-text el-text\" ><h3 class=\"h3 text-color-black-color\" ><span>Modul\u00e4rt utbildningsprogram f\u00f6r samarbete mellan skola och arbetsliv: bygga n\u00e4tverk och skapa Reality Checks.<\/span><\/h3><\/div><div class=\"clear\"><\/div><\/div><\/div><\/div><\/div><\/div><\/div><div class=\"wpb_column pos-top pos-center align_left column_parent col-lg-2 single-internal-gutter\"><div class=\"uncol style-light\"  ><div class=\"uncoltable\"><div class=\"uncell no-block-padding\" ><div class=\"uncont\" ><\/div><\/div><\/div><\/div><\/div><script id=\"script-row-unique-3\" data-row=\"script-row-unique-3\" type=\"text\/javascript\" class=\"vc_controls\">UNCODE.initRow(document.getElementById(\"row-unique-3\"));<\/script><\/div><\/div><\/div><div data-parent=\"true\" class=\"vc_row row-container\" id=\"row-unique-4\"><div class=\"row no-top-padding no-bottom-padding single-h-padding limit-width row-parent\"><div class=\"wpb_row row-inner\"><div class=\"wpb_column pos-top pos-center align_center column_parent col-lg-3 half-internal-gutter\"><div class=\"uncol style-light\"  ><div class=\"uncoltable\"><div class=\"uncell single-block-padding style-color-grey-light-bg has-bg\" ><div class=\"uncont\" ><div class=\"icon-box icon-box-left\" ><div class=\"icon-box-icon fa-container\" style=\"width:200px;margin-bottom: 0px;\"><span class=\"text-default-color btn-disable-hover\"><span id=\"icon-116765\" style=\"width:48px\" class=\"icon-media\"><img decoding=\"async\" src=\"https:\/\/discoveryourtalent.eu\/wp-content\/uploads\/2025\/05\/great-britain-circular.svg\" alt=\"\" \/><\/span><\/span><\/div><\/div><div class=\"uncode-single-media  text-left\"><div class=\"single-wrapper\" style=\"max-width: 100%;\"><div class=\"tmb tmb-light  tmb-media-first tmb-media-last tmb-content-overlay tmb-no-bg\"><div class=\"t-inside\"><div class=\"t-entry-visual\"><div class=\"t-entry-visual-tc\"><div class=\"uncode-single-media-wrapper\"><img decoding=\"async\" class=\"wp-image-2599\" src=\"https:\/\/discoveryourtalent.eu\/wp-content\/uploads\/2025\/09\/WP5_MODULAR-TRAINING-CONCEPT_FINAL.jpg\" width=\"595\" height=\"842\" alt=\"\" srcset=\"https:\/\/discoveryourtalent.eu\/wp-content\/uploads\/2025\/09\/WP5_MODULAR-TRAINING-CONCEPT_FINAL.jpg 595w, https:\/\/discoveryourtalent.eu\/wp-content\/uploads\/2025\/09\/WP5_MODULAR-TRAINING-CONCEPT_FINAL-8x12.jpg 8w, https:\/\/discoveryourtalent.eu\/wp-content\/uploads\/2025\/09\/WP5_MODULAR-TRAINING-CONCEPT_FINAL-350x495.jpg 350w\" sizes=\"(max-width: 595px) 100vw, 595px\" \/><\/div>\n\t\t\t\t\t<\/div>\n\t\t\t\t<\/div><\/div><\/div><\/div><\/div><div class=\"empty-space empty-half\" ><span class=\"empty-space-inner\"><\/span><\/div>\n<span class=\"btn-container btn-block\" ><a role=\"button\"  href=\"https:\/\/discoveryourtalent.eu\/wp-content\/uploads\/2025\/09\/WP5_MODULAR-TRAINING-CONCEPT_FINAL.pdf\" class=\"custom-link btn btn-sm border-width-0 btn-default btn-outline btn-block btn-icon-left\" title=\"Handbok\" target=\"_blank\">Ladda ner PDF<\/a><\/span><\/div><\/div><\/div><\/div><\/div><div class=\"wpb_column pos-top pos-center align_center column_parent col-lg-3 half-internal-gutter\"><div class=\"uncol style-light\"  ><div class=\"uncoltable\"><div class=\"uncell single-block-padding style-color-grey-light-bg has-bg\" ><div class=\"uncont\" ><div class=\"vc_row row-internal row-container\"><div class=\"row row-child\"><div class=\"wpb_row row-inner\"><div class=\"wpb_column pos-top pos-center align_left column_child col-lg-6 single-internal-gutter\"><div class=\"uncol style-light\" ><div class=\"uncoltable\"><div class=\"uncell no-block-padding\" ><div class=\"uncont\" ><div class=\"icon-box icon-box-right  icon-inline\" ><div class=\"icon-box-icon fa-container\" style=\"width:120px;margin-bottom: 0px;\"><span class=\"text-default-color btn-disable-hover\"><span id=\"icon-148796\" style=\"width:48px\" class=\"icon-media\"><img decoding=\"async\" src=\"https:\/\/discoveryourtalent.eu\/wp-content\/uploads\/2025\/05\/germany-circular.svg\" alt=\"\" \/><\/span><\/span><\/div><\/div><\/div><\/div><\/div><\/div><\/div><div class=\"wpb_column pos-top pos-center align_left column_child col-lg-6 single-internal-gutter\"><div class=\"uncol style-light\" ><div class=\"uncoltable\"><div class=\"uncell no-block-padding\" ><div class=\"uncont\" ><div class=\"icon-box icon-box-left  icon-inline\" ><div class=\"icon-box-icon fa-container\" style=\"width:120px;margin-bottom: 0px;\"><span class=\"text-default-color btn-disable-hover\"><span id=\"icon-104768\" style=\"width:48px\" class=\"icon-media\"><img decoding=\"async\" src=\"https:\/\/discoveryourtalent.eu\/wp-content\/uploads\/2025\/05\/austria-circular.svg\" alt=\"\" \/><\/span><\/span><\/div><\/div><\/div><\/div><\/div><\/div><\/div><\/div><\/div><\/div><div class=\"uncode-single-media  text-left\"><div class=\"single-wrapper\" style=\"max-width: 100%;\"><div class=\"tmb tmb-light  tmb-media-first tmb-media-last tmb-content-overlay tmb-no-bg\"><div class=\"t-inside\"><div class=\"t-entry-visual\"><div class=\"t-entry-visual-tc\"><div class=\"uncode-single-media-wrapper\"><img decoding=\"async\" class=\"wp-image-2593\" src=\"https:\/\/discoveryourtalent.eu\/wp-content\/uploads\/2025\/09\/WP5_MODULAR-TRAINING-CONCEPT_FINAL-de.jpg\" width=\"595\" height=\"842\" alt=\"\" srcset=\"https:\/\/discoveryourtalent.eu\/wp-content\/uploads\/2025\/09\/WP5_MODULAR-TRAINING-CONCEPT_FINAL-de.jpg 595w, https:\/\/discoveryourtalent.eu\/wp-content\/uploads\/2025\/09\/WP5_MODULAR-TRAINING-CONCEPT_FINAL-de-8x12.jpg 8w, https:\/\/discoveryourtalent.eu\/wp-content\/uploads\/2025\/09\/WP5_MODULAR-TRAINING-CONCEPT_FINAL-de-350x495.jpg 350w\" sizes=\"(max-width: 595px) 100vw, 595px\" \/><\/div>\n\t\t\t\t\t<\/div>\n\t\t\t\t<\/div><\/div><\/div><\/div><\/div><div class=\"empty-space empty-half\" ><span class=\"empty-space-inner\"><\/span><\/div>\n<span class=\"btn-container btn-block\" ><a role=\"button\"  href=\"https:\/\/discoveryourtalent.eu\/wp-content\/uploads\/2025\/09\/WP5_MODULAR-TRAINING-CONCEPT_FINAL-de.pdf\" class=\"custom-link btn btn-sm border-width-0 btn-default btn-outline btn-block btn-icon-left\" title=\"Handbok\" target=\"_blank\">Ladda ner PDF<\/a><\/span><\/div><\/div><\/div><\/div><\/div><div class=\"wpb_column pos-top pos-center align_center column_parent col-lg-3 half-internal-gutter\"><div class=\"uncol style-light\"  ><div class=\"uncoltable\"><div class=\"uncell single-block-padding style-color-grey-light-bg has-bg\" ><div class=\"uncont\" ><div class=\"icon-box icon-box-left\" ><div class=\"icon-box-icon fa-container\" style=\"width:120px;margin-bottom: 0px;\"><span class=\"text-default-color btn-disable-hover\"><span id=\"icon-123840\" style=\"width:48px\" class=\"icon-media\"><img decoding=\"async\" src=\"https:\/\/discoveryourtalent.eu\/wp-content\/uploads\/2025\/05\/italy-circular.svg\" alt=\"\" \/><\/span><\/span><\/div><\/div><div class=\"uncode-single-media  text-left\"><div class=\"single-wrapper\" style=\"max-width: 100%;\"><div class=\"tmb tmb-light  tmb-media-first tmb-media-last tmb-content-overlay tmb-no-bg\"><div class=\"t-inside\"><div class=\"t-entry-visual\"><div class=\"t-entry-visual-tc\"><div class=\"uncode-single-media-wrapper\"><img decoding=\"async\" class=\"wp-image-2595\" src=\"https:\/\/discoveryourtalent.eu\/wp-content\/uploads\/2025\/09\/WP5_MODULAR-TRAINING-CONCEPT_FINAL_IT.jpg\" width=\"595\" height=\"842\" alt=\"\" srcset=\"https:\/\/discoveryourtalent.eu\/wp-content\/uploads\/2025\/09\/WP5_MODULAR-TRAINING-CONCEPT_FINAL_IT.jpg 595w, https:\/\/discoveryourtalent.eu\/wp-content\/uploads\/2025\/09\/WP5_MODULAR-TRAINING-CONCEPT_FINAL_IT-8x12.jpg 8w, https:\/\/discoveryourtalent.eu\/wp-content\/uploads\/2025\/09\/WP5_MODULAR-TRAINING-CONCEPT_FINAL_IT-350x495.jpg 350w\" sizes=\"(max-width: 595px) 100vw, 595px\" \/><\/div>\n\t\t\t\t\t<\/div>\n\t\t\t\t<\/div><\/div><\/div><\/div><\/div><div class=\"empty-space empty-half\" ><span class=\"empty-space-inner\"><\/span><\/div>\n<span class=\"btn-container btn-block\" ><a role=\"button\"  href=\"https:\/\/discoveryourtalent.eu\/wp-content\/uploads\/2025\/09\/WP5_MODULAR-TRAINING-CONCEPT_FINAL_IT.pdf\" class=\"custom-link btn btn-sm border-width-0 btn-default btn-outline btn-block btn-icon-left\" title=\"Handbok\" target=\"_blank\">Ladda ner PDF<\/a><\/span><\/div><\/div><\/div><\/div><\/div><div class=\"wpb_column pos-top pos-center align_center column_parent col-lg-3 half-internal-gutter\"><div class=\"uncol style-light\"  ><div class=\"uncoltable\"><div class=\"uncell single-block-padding style-color-grey-light-bg has-bg\" ><div class=\"uncont\" ><div class=\"icon-box icon-box-left\" ><div class=\"icon-box-icon fa-container\" style=\"width:120px;margin-bottom: 0px;\"><span class=\"text-default-color btn-disable-hover\"><span id=\"icon-113391\" style=\"width:48px\" class=\"icon-media\"><img decoding=\"async\" src=\"https:\/\/discoveryourtalent.eu\/wp-content\/uploads\/2025\/05\/sweden-circular.svg\" alt=\"\" \/><\/span><\/span><\/div><\/div><div class=\"uncode-single-media  text-left\"><div class=\"single-wrapper\" style=\"max-width: 100%;\"><div class=\"tmb tmb-light  tmb-media-first tmb-media-last tmb-content-overlay tmb-no-bg\"><div class=\"t-inside\"><div class=\"t-entry-visual\"><div class=\"t-entry-visual-tc\"><div class=\"uncode-single-media-wrapper\"><img decoding=\"async\" class=\"wp-image-2597\" src=\"https:\/\/discoveryourtalent.eu\/wp-content\/uploads\/2025\/09\/WP5_MODULAR-TRAINING-CONCEPT_FINAL_Swe-Svenska-2.jpg\" width=\"595\" height=\"842\" alt=\"\" srcset=\"https:\/\/discoveryourtalent.eu\/wp-content\/uploads\/2025\/09\/WP5_MODULAR-TRAINING-CONCEPT_FINAL_Swe-Svenska-2.jpg 595w, https:\/\/discoveryourtalent.eu\/wp-content\/uploads\/2025\/09\/WP5_MODULAR-TRAINING-CONCEPT_FINAL_Swe-Svenska-2-8x12.jpg 8w, https:\/\/discoveryourtalent.eu\/wp-content\/uploads\/2025\/09\/WP5_MODULAR-TRAINING-CONCEPT_FINAL_Swe-Svenska-2-350x495.jpg 350w\" sizes=\"(max-width: 595px) 100vw, 595px\" \/><\/div>\n\t\t\t\t\t<\/div>\n\t\t\t\t<\/div><\/div><\/div><\/div><\/div><div class=\"empty-space empty-half\" ><span class=\"empty-space-inner\"><\/span><\/div>\n<span class=\"btn-container btn-block\" ><a role=\"button\"  href=\"https:\/\/discoveryourtalent.eu\/wp-content\/uploads\/2025\/09\/WP5_MODULAR-TRAINING-CONCEPT_FINAL_Swe-Svenska-2.pdf\" class=\"custom-link btn btn-sm border-width-0 btn-default btn-outline btn-block btn-icon-left\" title=\"Handbok\" target=\"_blank\">Ladda ner PDF<\/a><\/span><\/div><\/div><\/div><\/div><\/div><script id=\"script-row-unique-4\" data-row=\"script-row-unique-4\" type=\"text\/javascript\" class=\"vc_controls\">UNCODE.initRow(document.getElementById(\"row-unique-4\"));<\/script><\/div><\/div><\/div><div data-parent=\"true\" class=\"vc_row row-container\" id=\"row-unique-5\"><div class=\"row limit-width row-parent\"><div class=\"wpb_row row-inner\"><div class=\"wpb_column pos-top pos-center align_left column_parent col-lg-12 single-internal-gutter\"><div class=\"uncol style-light\"  ><div class=\"uncoltable\"><div class=\"uncell no-block-padding\" ><div class=\"uncont\" ><div class=\"empty-space empty-double\" ><span class=\"empty-space-inner\"><\/span><\/div>\n<\/div><\/div><\/div><\/div><\/div><script id=\"script-row-unique-5\" data-row=\"script-row-unique-5\" type=\"text\/javascript\" class=\"vc_controls\">UNCODE.initRow(document.getElementById(\"row-unique-5\"));<\/script><\/div><\/div><\/div>\n<\/div>","protected":false},"excerpt":{"rendered":"Handbook and TrainingHandbookAn inspiring guide to strengthen the connection between school and working life. Read onlineDownload PDF Read onlineDownload PDF [...]","protected":false},"author":4,"featured_media":0,"parent":0,"menu_order":0,"comment_status":"closed","ping_status":"closed","template":"","meta":{"_acf_changed":false,"footnotes":""},"class_list":["post-2212","page","type-page","status-publish","hentry"],"acf":[],"_links":{"self":[{"href":"https:\/\/discoveryourtalent.eu\/sv\/wp-json\/wp\/v2\/pages\/2212","targetHints":{"allow":["GET"]}}],"collection":[{"href":"https:\/\/discoveryourtalent.eu\/sv\/wp-json\/wp\/v2\/pages"}],"about":[{"href":"https:\/\/discoveryourtalent.eu\/sv\/wp-json\/wp\/v2\/types\/page"}],"author":[{"embeddable":true,"href":"https:\/\/discoveryourtalent.eu\/sv\/wp-json\/wp\/v2\/users\/4"}],"replies":[{"embeddable":true,"href":"https:\/\/discoveryourtalent.eu\/sv\/wp-json\/wp\/v2\/comments?post=2212"}],"version-history":[{"count":62,"href":"https:\/\/discoveryourtalent.eu\/sv\/wp-json\/wp\/v2\/pages\/2212\/revisions"}],"predecessor-version":[{"id":2604,"href":"https:\/\/discoveryourtalent.eu\/sv\/wp-json\/wp\/v2\/pages\/2212\/revisions\/2604"}],"wp:attachment":[{"href":"https:\/\/discoveryourtalent.eu\/sv\/wp-json\/wp\/v2\/media?parent=2212"}],"curies":[{"name":"wp","href":"https:\/\/api.w.org\/{rel}","templated":true}]}}